{"id":1909,"date":"2022-09-02T16:05:24","date_gmt":"2022-09-02T21:05:24","guid":{"rendered":"https:\/\/bluepalmbacalar.com\/?page_id=1909"},"modified":"2023-10-31T16:33:19","modified_gmt":"2023-10-31T22:33:19","slug":"terminos","status":"publish","type":"page","link":"https:\/\/bluepalmbacalar.com\/es\/terminos\/","title":{"rendered":"Terminos"},"content":{"rendered":"<p class=\"wp-block-paragraph\"><\/p>\n\n\n\n<h1 class=\"wp-block-heading has-text-align-center\">P\u00c1GINA DE T\u00c9RMINOS<\/h1>\n\n\n\n<p class=\"wp-block-paragraph\"><strong>T\u00e9rminos y Condiciones<\/strong>&nbsp;\u2014\u2013<\/p>\n\n\n\n<p class=\"wp-block-paragraph\">Al realizar una reserva con nosotros (<strong>BLUE PALM BACALAR HOTEL<\/strong>) usted (el invitado) y su grupo de reserva (invitados) aceptan los siguientes t\u00e9rminos y condiciones. Durante su estancia se compromete a cumplir con las siguientes condiciones establecidas. Si tiene alguna pregunta sobre c\u00f3mo reservar con nosotros, por favor cont\u00e1ctenos antes de hacer una reserva.<\/p>\n\n\n\n<p class=\"wp-block-paragraph\"><strong>Proceso de reserva<\/strong>&nbsp;\u2014- Para realizar una reserva con nosotros, el hu\u00e9sped principal debe tener al menos 18 a\u00f1os de a\u00f1os. El n\u00famero m\u00e1ximo de hu\u00e9spedes alojados por habitaci\u00f3n es de 2. persona que hace la reserva es diferente al hu\u00e9sped principal que toma el ocupaci\u00f3n, la persona que hace la reserva puede ser responsable de cancelaci\u00f3n, no llegada y da\u00f1os seg\u00fan lo establecido dentro. Solo el plomo El hu\u00e9sped y la parte designada de la reserva pueden usar la propiedad y sus instalaciones, los visitantes de terceros solo pueden acceder a nuestras permiso expreso.<\/p>\n\n\n\n<p class=\"wp-block-paragraph\">El hotel&nbsp;<strong>NO ES ADECUADO PARA NI\u00d1OS \u2013 SOLO ADULTOS<\/strong>&nbsp;\u2014-<\/p>\n\n\n\n<p class=\"wp-block-paragraph\">Cualquier cargo planteado contra nosotros por nuestros bancos por manejar transferencias bancarias deshonradas o cualquier otros pagos, debe ser reembolsado por el hu\u00e9sped principal dentro de siete (7) d\u00edas de cualquier solicitud para hacerlo.<\/p>\n\n\n\n<p class=\"wp-block-paragraph\">Todos los hu\u00e9spedes aceptan respetar la privacidad y la paz de todos los dem\u00e1s hu\u00e9spedes. hu\u00e9spedes, vecinos y propietarios en todo momento. Nos reservamos el derecho a cancelar una reserva con efecto inmediato si los hu\u00e9spedes no cumplen con este acuerdo o causar molestias \/ molestias a otros hu\u00e9spedes, vecinos o los propietarios.<\/p>\n\n\n\n<p class=\"wp-block-paragraph\"><strong>Llegada Salida<\/strong>&nbsp;\u2014- Los hu\u00e9spedes deben realizar el registro de entrada y salida en los horarios que se indican a continuaci\u00f3n; Check-in antes de las 15:00 pm y antes de las 22:00 pm del d\u00eda de llegada Salida antes de: 11:00 am el d\u00eda de salida.<\/p>\n\n\n\n<p class=\"wp-block-paragraph\"><strong>Condiciones de cancelaci\u00f3n, devoluci\u00f3n de dep\u00f3sito y no llegada<\/strong>&nbsp;\u2014 Los hu\u00e9spedes que necesiten cancelar una reserva deben comunicarse con nosotros lo antes posible. El hu\u00e9sped puede cancelar sin cargo hasta 1 d\u00eda antes de la llegada. Al hu\u00e9sped se le cobrar\u00e1 el costo de la primera noche si cancela dentro de 1 d\u00eda antes de la llegada.<\/p>\n\n\n\n<p class=\"wp-block-paragraph\"><strong>Pol\u00edtica de uso justo y apropiado de WiFi<\/strong>&nbsp;\u2014\u2013 Cuando se proporciona acceso a Internet WiFi, los hu\u00e9spedes aceptan usar este acceso a Internet de manera justa y adecuada. Podemos monitorear la red rendimiento y uso del usuario para mantener un nivel alto y justo de servicio a todos nuestros hu\u00e9spedes. El acceso a Internet proporcionado est\u00e1 destinado a un uso general, como acceso a la red mundial, correo electr\u00f3nico, mensajer\u00eda, redes sociales, video ligero \/ m\u00fasica \/ transmisi\u00f3n de medios. No est\u00e1 dise\u00f1ado ni es ideal para aplicaciones pesadas. transmisi\u00f3n de medios, juegos en l\u00ednea, descargas \/ cargas extensas. Acceso a actividades ilegales o el uso de nuestra red para actividades ilegales est\u00e1 prohibido y ser\u00e1 informado a las autoridades locales. Da\u00f1os y objetos perdidos \u2014\u2013 Nos reservamos el derecho de cobrar al hu\u00e9sped principal por cualquier da\u00f1o causado. a trav\u00e9s del curso de una reserva por parte de cualquier miembro del grupo de reserva. Esto incluye roturas, derrames, manchas, da\u00f1os a muebles o accesorios. y accesorios. Cualquier da\u00f1o accidental debe informarse tan pronto como posible para minimizar los da\u00f1os y los costes asociados. Las llaves perdidas incurrir\u00e1 en un cargo de reemplazo por cada llave perdida.&nbsp;&nbsp;<\/p>\n\n\n\n<p class=\"wp-block-paragraph\"><strong>Estacionamiento<\/strong>\u2014\u2013<br>Se proporciona estacionamiento en el lugar para los hu\u00e9spedes, que aceptan que estacionen su veh\u00edculos bajo su propio riesgo. Accesibilidad El hotel es accesible para sillas de ruedas. Sus datos personales y privacidad Nuestra pol\u00edtica sobre los datos personales que proporciona como parte de cualquier reserva o consulta a trav\u00e9s de este sitio web \/ o sitio web de terceros, incluida la privacidad de esos detalles no se divulgan o divulgan, y solo se utilizan para su reserva. Nuestro derecho de cancelaci\u00f3n Nos reservamos el derecho de cancelar cualquier reserva sin compensaci\u00f3n. reembolso o reembolso si se incumplen los t\u00e9rminos de estas condiciones.<\/p>\n\n\n\n<p class=\"wp-block-paragraph\"><strong>Cualquier objeto perdido<\/strong>, si es descubierto y encontrado, dejado por los hu\u00e9spedes durante una estancia se llevar\u00e1 a cabo por un per\u00edodo de 1 mes. Mientras haremos nuestro mejor esfuerzo esfuerzos para reunir la propiedad perdida con sus propietarios no aceptamos responsabilidad en la sustituci\u00f3n de art\u00edculos perdidos y animar a los hu\u00e9spedes a asegurarse tienen todas sus pertenencias antes de realizar el check-out. Podemos ofrecer publicar art\u00edculos perdidos a trav\u00e9s de una entrega certificada a cargo del propietario, de lo contrario, se puede organizar la recogida.<\/p>\n\n\n\n<p class=\"wp-block-paragraph\"><strong>NO SE PERMITE fumar en la propiedad<\/strong>&nbsp;\u2014-<br>Fumar cualquier producto de tabaco, incluidos, entre otros, cigarrillos, pipas, cigarrillos electr\u00f3nicos, l\u00edquidos electr\u00f3nicos, puros, rap\u00e9 o tabaco de mascar, NO PERMITIDO en la propiedad. Ley Federal en M\u00e9xico no se puede fumar en lugares p\u00fablicos o espacios p\u00fablicos interiores (habitaciones de hotel). Ese incluye hoteles, \u00e1reas de alberca, restaurantes y bares. Hu\u00e9spedes que fuman en su habitaci\u00f3n est\u00e1 sujeta a un cargo de $ 3000 mxn por desinfectar la habitaci\u00f3n<\/p>\n\n\n\n<p class=\"wp-block-paragraph\"><strong>Mascotas<\/strong>&nbsp;\u2014\u2013<br>No aceptamos mascotas en todo el alojamiento.<\/p>\n\n\n\n<p class=\"wp-block-paragraph\"><strong>Estacionamiento<\/strong>&nbsp;\u2014-<br>Se proporciona estacionamiento en el lugar para los hu\u00e9spedes, que aceptan que estacionen su veh\u00edculos bajo su propio riesgo.<\/p>\n\n\n\n<p class=\"wp-block-paragraph\"><strong>Accesibilidad<\/strong>&nbsp;\u2014-<br>El hotel es accesible para sillas de ruedas.<\/p>\n\n\n\n<p class=\"wp-block-paragraph\"><strong>Sus datos personales y privacidad&nbsp;<\/strong>\u2014\u2014<br>Nuestra pol\u00edtica sobre los datos personales que proporciona como parte de cualquier reserva o consulta a trav\u00e9s de este sitio web \/ o sitio web de terceros, incluida la privacidad de esos detalles no se divulgan o divulgan, y solo se utilizan para su reserva.<\/p>\n\n\n\n<p class=\"wp-block-paragraph\"><strong>Nuestro derecho a la cancelaci\u00f3n<\/strong>&nbsp;\u2014\u2013<br>Nos reservamos el derecho de cancelar cualquier reserva sin compensaci\u00f3n. reembolso o reembolso si se incumplen los t\u00e9rminos de estas condiciones.<\/p>\n\n\n\n<div class=\"wp-block-columns is-layout-flex wp-container-core-columns-is-layout-7387b849 wp-block-columns-is-layout-flex\">\n<div class=\"wp-block-column is-layout-flow wp-block-column-is-layout-flow\" style=\"flex-basis:33%\"><\/div>\n\n\n\n<div class=\"wp-block-column is-layout-flow wp-block-column-is-layout-flow\" style=\"flex-basis:25%\">\n<figure class=\"wp-block-image aligncenter size-large\"><a href=\"https:\/\/bluepalmbacalar.com\/es\/reserve\"><img decoding=\"async\" src=\"https:\/\/bluepalmbacalar.com\/wp-content\/uploads\/2020\/12\/logo-wht.jpg\" alt=\"\"\/><\/a><\/figure>\n<\/div>\n\n\n\n<div class=\"wp-block-column is-layout-flow wp-block-column-is-layout-flow\" style=\"flex-basis:33%\"><\/div>\n<\/div>\n\n\n\n<div style=\"height:20px\" aria-hidden=\"true\" class=\"wp-block-spacer\"><\/div>\n\n\n\n<div class=\"wp-block-columns is-not-stacked-on-mobile is-layout-flex wp-container-core-columns-is-layout-7387b849 wp-block-columns-is-layout-flex\">\n<div class=\"wp-block-column is-layout-flow wp-block-column-is-layout-flow\" style=\"flex-basis:35%\"><\/div>\n\n\n\n<div class=\"wp-block-column is-layout-flow wp-block-column-is-layout-flow\" style=\"flex-basis:30.98%\">\n<figure class=\"wp-block-gallery aligncenter has-nested-images columns-8 wp-block-gallery-1 is-layout-flex wp-block-gallery-is-layout-flex\">\n<figure class=\"wp-block-image aligncenter size-large is-style-default\"><a href=\"https:\/\/www.instagram.com\/bluepalmbacalar\/\" target=\"_blank\" rel=\"noopener\"><img decoding=\"async\" data-id=\"1878\" src=\"https:\/\/misturabacalar.com\/wp-content\/uploads\/2022\/02\/i.png\" alt=\"\" class=\"wp-image-1878\"\/><\/a><\/figure>\n\n\n\n<figure class=\"wp-block-image aligncenter size-large is-style-default\"><a href=\"https:\/\/www.tripadvisor.com\/Hotel_Review-g1202648-d23138232-Reviews-Blue_Palm_Bacalar-Bacalar_Yucatan_Peninsula.html\" target=\"_blank\" rel=\"noopener\"><img decoding=\"async\" data-id=\"1880\" src=\"https:\/\/misturabacalar.com\/wp-content\/uploads\/2022\/02\/t.png\" alt=\"\" class=\"wp-image-1880\"\/><\/a><\/figure>\n\n\n\n<figure class=\"wp-block-image aligncenter size-full is-style-default\"><a href=\"https:\/\/www.youtube.com\/@bluepalm6985https:\/\/www.youtube.com\/@bluepalm6985\" target=\"_blank\" rel=\"noopener\"><img decoding=\"async\" data-id=\"2066\" src=\"https:\/\/misturabacalar.com\/wp-content\/uploads\/2023\/07\/social04.png\" alt=\"\" class=\"wp-image-2066\"\/><\/a><\/figure>\n\n\n\n<figure class=\"wp-block-image aligncenter size-large is-style-default\"><a href=\"https:\/\/www.facebook.com\/BluePalmBacalar\/\" target=\"_blank\" rel=\"noopener\"><img decoding=\"async\" data-id=\"1876\" src=\"https:\/\/misturabacalar.com\/wp-content\/uploads\/2022\/02\/f.png\" alt=\"\" class=\"wp-image-1876\"\/><\/a><\/figure>\n\n\n\n<figure class=\"wp-block-image aligncenter size-full is-style-default\"><a href=\"https:\/\/goo.gl\/maps\/Vo9Za1egCaZXCC6s5\" target=\"_blank\" rel=\"noopener\"><img decoding=\"async\" data-id=\"1877\" src=\"https:\/\/misturabacalar.com\/wp-content\/uploads\/2022\/02\/g.png\" alt=\"\" class=\"wp-image-1877\"\/><\/a><\/figure>\n\n\n\n<figure class=\"wp-block-image aligncenter size-large is-style-default\"><a href=\"https:\/\/wa.me\/529831369507\" target=\"_blank\" rel=\"noopener\"><img decoding=\"async\" data-id=\"1874\" src=\"https:\/\/misturabacalar.com\/wp-content\/uploads\/2022\/02\/w.png\" alt=\"\" class=\"wp-image-1874\"\/><\/a><\/figure>\n<\/figure>\n<\/div>\n\n\n\n<div class=\"wp-block-column is-layout-flow wp-block-column-is-layout-flow\" style=\"flex-basis:35%\"><\/div>\n<\/div>","protected":false},"excerpt":{"rendered":"<p>P\u00c1GINA DE T\u00c9RMINOS T\u00e9rminos y Condiciones&nbsp;\u2014\u2013 Al realizar una reserva con nosotros (BLUE PALM BACALAR HOTEL) usted (el invitado) y su grupo de reserva (invitados) aceptan los siguientes t\u00e9rminos y condiciones. Durante su estancia se compromete a cumplir con las siguientes condiciones establecidas. Si tiene alguna pregunta sobre c\u00f3mo reservar con nosotros, por favor cont\u00e1ctenos [&hellip;]<\/p>\n","protected":false},"author":1,"featured_media":0,"parent":0,"menu_order":0,"comment_status":"closed","ping_status":"closed","template":"","meta":{"_crdt_document":"","_uag_custom_page_level_css":"","site-sidebar-layout":"no-sidebar","site-content-layout":"content-boxed-container","ast-site-content-layout":"normal-width-container","site-content-style":"boxed","site-sidebar-style":"unboxed","ast-global-header-display":"","ast-banner-title-visibility":"","ast-main-header-display":"disabled","ast-hfb-above-header-display":"","ast-hfb-below-header-display":"","ast-hfb-mobile-header-display":"","site-post-title":"disabled","ast-breadcrumbs-content":"disabled","ast-featured-img":"disabled","footer-sml-layout":"","theme-transparent-header-meta":"enabled","adv-header-id-meta":"","stick-header-meta":"","header-above-stick-meta":"","header-main-stick-meta":"","header-below-stick-meta":"","astra-migrate-meta-layouts":"set","ast-page-background-enabled":"default","ast-page-background-meta":{"desktop":{"background-color":"","background-image":"","background-repeat":"repeat","background-position":"center center","background-size":"auto","background-attachment":"scroll","background-type":"","background-media":"","overlay-type":"","overlay-color":"","overlay-opacity":"","overlay-gradient":""},"tablet":{"background-color":"","background-image":"","background-repeat":"repeat","background-position":"center center","background-size":"auto","background-attachment":"scroll","background-type":"","background-media":"","overlay-type":"","overlay-color":"","overlay-opacity":"","overlay-gradient":""},"mobile":{"background-color":"","background-image":"","background-repeat":"repeat","background-position":"center center","background-size":"auto","background-attachment":"scroll","background-type":"","background-media":"","overlay-type":"","overlay-color":"","overlay-opacity":"","overlay-gradient":""}},"ast-content-background-meta":{"desktop":{"background-color":"var(--ast-global-color-5)","background-image":"","background-repeat":"repeat","background-position":"center center","background-size":"auto","background-attachment":"scroll","background-type":"","background-media":"","overlay-type":"","overlay-color":"","overlay-opacity":"","overlay-gradient":""},"tablet":{"background-color":"var(--ast-global-color-5)","background-image":"","background-repeat":"repeat","background-position":"center center","background-size":"auto","background-attachment":"scroll","background-type":"","background-media":"","overlay-type":"","overlay-color":"","overlay-opacity":"","overlay-gradient":""},"mobile":{"background-color":"var(--ast-global-color-5)","background-image":"","background-repeat":"repeat","background-position":"center center","background-size":"auto","background-attachment":"scroll","background-type":"","background-media":"","overlay-type":"","overlay-color":"","overlay-opacity":"","overlay-gradient":""}},"footnotes":""},"class_list":["post-1909","page","type-page","status-publish","hentry"],"uagb_featured_image_src":{"full":false,"thumbnail":false,"medium":false,"medium_large":false,"large":false,"1536x1536":false,"2048x2048":false,"trp-custom-language-flag":false},"uagb_author_info":{"display_name":"admin","author_link":"https:\/\/bluepalmbacalar.com\/es\/author\/admin\/"},"uagb_comment_info":0,"uagb_excerpt":"P\u00c1GINA DE T\u00c9RMINOS T\u00e9rminos y Condiciones&nbsp;\u2014\u2013 Al realizar una reserva con nosotros (BLUE PALM BACALAR HOTEL) usted (el invitado) y su grupo de reserva (invitados) aceptan los siguientes t\u00e9rminos y condiciones. Durante su estancia se compromete a cumplir con las siguientes condiciones establecidas. Si tiene alguna pregunta sobre c\u00f3mo reservar con nosotros, por favor cont\u00e1ctenos&hellip;","_links":{"self":[{"href":"https:\/\/bluepalmbacalar.com\/es\/wp-json\/wp\/v2\/pages\/1909","targetHints":{"allow":["GET"]}}],"collection":[{"href":"https:\/\/bluepalmbacalar.com\/es\/wp-json\/wp\/v2\/pages"}],"about":[{"href":"https:\/\/bluepalmbacalar.com\/es\/wp-json\/wp\/v2\/types\/page"}],"author":[{"embeddable":true,"href":"https:\/\/bluepalmbacalar.com\/es\/wp-json\/wp\/v2\/users\/1"}],"replies":[{"embeddable":true,"href":"https:\/\/bluepalmbacalar.com\/es\/wp-json\/wp\/v2\/comments?post=1909"}],"version-history":[{"count":8,"href":"https:\/\/bluepalmbacalar.com\/es\/wp-json\/wp\/v2\/pages\/1909\/revisions"}],"predecessor-version":[{"id":2069,"href":"https:\/\/bluepalmbacalar.com\/es\/wp-json\/wp\/v2\/pages\/1909\/revisions\/2069"}],"wp:attachment":[{"href":"https:\/\/bluepalmbacalar.com\/es\/wp-json\/wp\/v2\/media?parent=1909"}],"curies":[{"name":"wp","href":"https:\/\/api.w.org\/{rel}","templated":true}]}}