{"id":1818,"date":"2021-02-10T21:11:24","date_gmt":"2021-02-10T21:11:24","guid":{"rendered":"https:\/\/bluepalmbacalar.com\/?page_id=1818"},"modified":"2023-07-07T20:18:14","modified_gmt":"2023-07-08T01:18:14","slug":"reserve","status":"publish","type":"page","link":"https:\/\/bluepalmbacalar.com\/es\/reserve\/","title":{"rendered":"Reserve"},"content":{"rendered":"<div class=\"wp-block-cover alignfull is-position-center-center\" style=\"min-height:600px;aspect-ratio:unset;\"><span aria-hidden=\"true\" class=\"wp-block-cover__background has-black-background-color has-background-dim-30 has-background-dim\"><\/span><img loading=\"lazy\" decoding=\"async\" width=\"1920\" height=\"1080\" class=\"wp-block-cover__image-background wp-image-828\" alt=\"\" src=\"https:\/\/bluepalmbacalar.com\/wp-content\/uploads\/2020\/12\/502.jpg\" style=\"object-position:50% 42%\" data-object-fit=\"cover\" data-object-position=\"50% 42%\" srcset=\"https:\/\/bluepalmbacalar.com\/wp-content\/uploads\/2020\/12\/502.jpg 1920w, https:\/\/bluepalmbacalar.com\/wp-content\/uploads\/2020\/12\/502-300x169.jpg 300w, https:\/\/bluepalmbacalar.com\/wp-content\/uploads\/2020\/12\/502-1024x576.jpg 1024w, https:\/\/bluepalmbacalar.com\/wp-content\/uploads\/2020\/12\/502-768x432.jpg 768w, https:\/\/bluepalmbacalar.com\/wp-content\/uploads\/2020\/12\/502-1536x864.jpg 1536w\" sizes=\"auto, (max-width: 1920px) 100vw, 1920px\" \/><div class=\"wp-block-cover__inner-container is-layout-flow wp-block-cover-is-layout-flow\">\n<p class=\"has-text-align-center has-large-font-size wp-block-paragraph\"><\/p>\n<\/div><\/div>\n\n\n\n<div class=\"wp-block-columns is-layout-flex wp-container-core-columns-is-layout-7387b849 wp-block-columns-is-layout-flex\">\n<div class=\"wp-block-column is-layout-flow wp-block-column-is-layout-flow\"><\/div>\n<\/div>\n\n\n\n<h3 class=\"wp-block-heading has-text-align-center has-vivid-cyan-blue-color has-text-color\">SELECCIONE SUS FECHAS PARA COMPROBAR LA DISPONIBILIDAD.<\/h3>\n\n\n\n<p class=\"has-text-align-center has-small-font-size wp-block-paragraph\"> Recepci\u00f3n las 24 horas. Registro de entrada 15:00. Salida 11:00. Propiedad para no fumadores. No se permiten mascotas. <br> <strong> S\u00f3lo para adultos. La edad m\u00ednima para realizar el registro de entrada es de 18 a\u00f1os. El hotel no es adecuado para ni\u00f1os. <\/strong> <br> Los hu\u00e9spedes deben mostrar un documento de identidad con fotograf\u00eda y la tarjeta de cr\u00e9dito que se utiliz\u00f3 para el pago al hacer el registro de entrada. <\/p>\n\n\n\n<p class=\"has-text-align-center has-small-font-size wp-block-paragraph\">Los precios son por noche en Pesos Mexicanos. Los impuestos de M\u00e9xico (IVA 16% + ISH 5%) est\u00e1n incluidos en las tarifas. M\u00e1ximo dos adultos por habitaci\u00f3n.<\/p>\n\n\n\n<p class=\"has-text-align-center has-small-font-size wp-block-paragraph\"><strong>Pol\u00edtica de cancelaci\u00f3n y prepago<\/strong><br> El hu\u00e9sped puede cancelar sin cargo hasta 1 d\u00eda antes de la llegada. Al hu\u00e9sped se le cobrar\u00e1 el costo de la primera noche si cancela dentro de 1 d\u00eda antes de la llegada. <br>No se necesita prepago. Pagar\u00e1s en el hotel.<\/p>\n\n\n\n<p class=\"wp-block-paragraph\"><\/p>\n\n\n\n<div class=\"wp-block-columns has-white-background-color has-background is-layout-flex wp-container-core-columns-is-layout-7387b849 wp-block-columns-is-layout-flex\">\n<div class=\"wp-block-column is-layout-flow wp-block-column-is-layout-flow\">\n<hr class=\"wp-block-separator has-css-opacity is-style-wide\"\/>\n\n\n\n<iframe src=\"https:\/\/nobeds.app\/DirectForm\/Step\/1508128180\" frameborder=\"0\" onload=\"this.width=screen.width;this.height=screen.height;\"><\/iframe>\n\n\n\n<hr class=\"wp-block-separator has-css-opacity is-style-wide\"\/>\n<\/div>\n<\/div>\n\n\n\n<p class=\"has-text-align-center has-white-background-color has-background wp-block-paragraph translation-block\">Ver nuestra <strong><a href=\"https:\/\/bluepalmbacalar.com\/es\/terminos\/\">t\u00e9rminos y condiciones<\/a><\/strong> \u2013 Ver nuestra <strong><a href=\"https:\/\/bluepalmbacalar.com\/es\/politica-de-privacidad\/\">pol\u00edtica de privacidad<\/a><\/strong><\/p>\n\n\n\n<div class=\"wp-block-columns is-not-stacked-on-mobile is-layout-flex wp-container-core-columns-is-layout-7387b849 wp-block-columns-is-layout-flex\">\n<div class=\"wp-block-column is-layout-flow wp-block-column-is-layout-flow\" style=\"flex-basis:35%\"><\/div>\n\n\n\n<div class=\"wp-block-column is-layout-flow wp-block-column-is-layout-flow\" style=\"flex-basis:30.98%\">\n<figure class=\"wp-block-gallery aligncenter has-nested-images columns-8 wp-block-gallery-1 is-layout-flex wp-block-gallery-is-layout-flex\">\n<figure class=\"wp-block-image aligncenter size-large is-style-default\"><a href=\"https:\/\/www.instagram.com\/bluepalmbacalar\/\" target=\"_blank\" rel=\"noopener\"><img decoding=\"async\" data-id=\"1878\" src=\"https:\/\/misturabacalar.com\/wp-content\/uploads\/2022\/02\/i.png\" alt=\"\" class=\"wp-image-1878\"\/><\/a><\/figure>\n\n\n\n<figure class=\"wp-block-image aligncenter size-large is-style-default\"><a href=\"https:\/\/www.tripadvisor.com\/Hotel_Review-g1202648-d23138232-Reviews-Blue_Palm_Bacalar-Bacalar_Yucatan_Peninsula.html\" target=\"_blank\" rel=\"noopener\"><img decoding=\"async\" data-id=\"1880\" src=\"https:\/\/misturabacalar.com\/wp-content\/uploads\/2022\/02\/t.png\" alt=\"\" class=\"wp-image-1880\"\/><\/a><\/figure>\n\n\n\n<figure class=\"wp-block-image aligncenter size-full is-style-default\"><a href=\"https:\/\/www.youtube.com\/@bluepalm6985https:\/\/www.youtube.com\/@bluepalm6985\" target=\"_blank\" rel=\"noopener\"><img decoding=\"async\" data-id=\"2066\" src=\"https:\/\/misturabacalar.com\/wp-content\/uploads\/2023\/07\/social04.png\" alt=\"\" class=\"wp-image-2066\"\/><\/a><\/figure>\n\n\n\n<figure class=\"wp-block-image aligncenter size-large is-style-default\"><a href=\"https:\/\/www.facebook.com\/BluePalmBacalar\/\" target=\"_blank\" rel=\"noopener\"><img decoding=\"async\" data-id=\"1876\" src=\"https:\/\/misturabacalar.com\/wp-content\/uploads\/2022\/02\/f.png\" alt=\"\" class=\"wp-image-1876\"\/><\/a><\/figure>\n\n\n\n<figure class=\"wp-block-image aligncenter size-full is-style-default\"><a href=\"https:\/\/goo.gl\/maps\/Vo9Za1egCaZXCC6s5\" target=\"_blank\" rel=\"noopener\"><img decoding=\"async\" data-id=\"1877\" src=\"https:\/\/misturabacalar.com\/wp-content\/uploads\/2022\/02\/g.png\" alt=\"\" class=\"wp-image-1877\"\/><\/a><\/figure>\n\n\n\n<figure class=\"wp-block-image aligncenter size-large is-style-default\"><a href=\"https:\/\/wa.me\/529831369507\" target=\"_blank\" rel=\"noopener\"><img decoding=\"async\" data-id=\"1874\" src=\"https:\/\/misturabacalar.com\/wp-content\/uploads\/2022\/02\/w.png\" alt=\"\" class=\"wp-image-1874\"\/><\/a><\/figure>\n<\/figure>\n<\/div>\n\n\n\n<div class=\"wp-block-column is-layout-flow wp-block-column-is-layout-flow\" style=\"flex-basis:35%\"><\/div>\n<\/div>","protected":false},"excerpt":{"rendered":"<p>Select your dates to check availability. 24-hour reception. Check-in 15:00. Departure 11:00. Non-smoking property. No pets allowed. For adults only. Minimum age to check-in is 18 years old. The hotel is not suitable for children. Guests must show a photo ID and the credit card used for payment upon check-in. Prices are per night in [&hellip;]<\/p>\n","protected":false},"author":1,"featured_media":0,"parent":0,"menu_order":0,"comment_status":"closed","ping_status":"closed","template":"","meta":{"_crdt_document":"","_uag_custom_page_level_css":"","site-sidebar-layout":"no-sidebar","site-content-layout":"plain-container","ast-site-content-layout":"default","site-content-style":"default","site-sidebar-style":"default","ast-global-header-display":"","ast-banner-title-visibility":"","ast-main-header-display":"","ast-hfb-above-header-display":"","ast-hfb-below-header-display":"","ast-hfb-mobile-header-display":"","site-post-title":"disabled","ast-breadcrumbs-content":"disabled","ast-featured-img":"disabled","footer-sml-layout":"","theme-transparent-header-meta":"enabled","adv-header-id-meta":"","stick-header-meta":"","header-above-stick-meta":"","header-main-stick-meta":"","header-below-stick-meta":"","astra-migrate-meta-layouts":"default","ast-page-background-enabled":"default","ast-page-background-meta":{"desktop":{"background-color":"","background-image":"","background-repeat":"repeat","background-position":"center center","background-size":"auto","background-attachment":"scroll","background-type":"","background-media":"","overlay-type":"","overlay-color":"","overlay-opacity":"","overlay-gradient":""},"tablet":{"background-color":"","background-image":"","background-repeat":"repeat","background-position":"center center","background-size":"auto","background-attachment":"scroll","background-type":"","background-media":"","overlay-type":"","overlay-color":"","overlay-opacity":"","overlay-gradient":""},"mobile":{"background-color":"","background-image":"","background-repeat":"repeat","background-position":"center center","background-size":"auto","background-attachment":"scroll","background-type":"","background-media":"","overlay-type":"","overlay-color":"","overlay-opacity":"","overlay-gradient":""}},"ast-content-background-meta":{"desktop":{"background-color":"var(--ast-global-color-5)","background-image":"","background-repeat":"repeat","background-position":"center center","background-size":"auto","background-attachment":"scroll","background-type":"","background-media":"","overlay-type":"","overlay-color":"","overlay-opacity":"","overlay-gradient":""},"tablet":{"background-color":"var(--ast-global-color-5)","background-image":"","background-repeat":"repeat","background-position":"center center","background-size":"auto","background-attachment":"scroll","background-type":"","background-media":"","overlay-type":"","overlay-color":"","overlay-opacity":"","overlay-gradient":""},"mobile":{"background-color":"var(--ast-global-color-5)","background-image":"","background-repeat":"repeat","background-position":"center center","background-size":"auto","background-attachment":"scroll","background-type":"","background-media":"","overlay-type":"","overlay-color":"","overlay-opacity":"","overlay-gradient":""}},"footnotes":""},"class_list":["post-1818","page","type-page","status-publish","hentry"],"uagb_featured_image_src":{"full":false,"thumbnail":false,"medium":false,"medium_large":false,"large":false,"1536x1536":false,"2048x2048":false,"trp-custom-language-flag":false},"uagb_author_info":{"display_name":"admin","author_link":"https:\/\/bluepalmbacalar.com\/es\/author\/admin\/"},"uagb_comment_info":0,"uagb_excerpt":"Select your dates to check availability. 24-hour reception. Check-in 15:00. Departure 11:00. Non-smoking property. No pets allowed. For adults only. Minimum age to check-in is 18 years old. The hotel is not suitable for children. Guests must show a photo ID and the credit card used for payment upon check-in. Prices are per night in&hellip;","_links":{"self":[{"href":"https:\/\/bluepalmbacalar.com\/es\/wp-json\/wp\/v2\/pages\/1818","targetHints":{"allow":["GET"]}}],"collection":[{"href":"https:\/\/bluepalmbacalar.com\/es\/wp-json\/wp\/v2\/pages"}],"about":[{"href":"https:\/\/bluepalmbacalar.com\/es\/wp-json\/wp\/v2\/types\/page"}],"author":[{"embeddable":true,"href":"https:\/\/bluepalmbacalar.com\/es\/wp-json\/wp\/v2\/users\/1"}],"replies":[{"embeddable":true,"href":"https:\/\/bluepalmbacalar.com\/es\/wp-json\/wp\/v2\/comments?post=1818"}],"version-history":[{"count":7,"href":"https:\/\/bluepalmbacalar.com\/es\/wp-json\/wp\/v2\/pages\/1818\/revisions"}],"predecessor-version":[{"id":2044,"href":"https:\/\/bluepalmbacalar.com\/es\/wp-json\/wp\/v2\/pages\/1818\/revisions\/2044"}],"wp:attachment":[{"href":"https:\/\/bluepalmbacalar.com\/es\/wp-json\/wp\/v2\/media?parent=1818"}],"curies":[{"name":"wp","href":"https:\/\/api.w.org\/{rel}","templated":true}]}}