{"id":1354,"date":"2021-01-18T19:37:38","date_gmt":"2021-01-18T19:37:38","guid":{"rendered":"https:\/\/bluepalmbacalar.com\/?page_id=1354"},"modified":"2023-07-07T20:13:36","modified_gmt":"2023-07-08T01:13:36","slug":"services","status":"publish","type":"page","link":"https:\/\/bluepalmbacalar.com\/es\/services\/","title":{"rendered":"Services"},"content":{"rendered":"<div class=\"wp-block-cover is-light alignfull\" style=\"min-height:650px;aspect-ratio:unset;\"><span aria-hidden=\"true\" class=\"wp-block-cover__background has-background-dim-20 has-background-dim\" style=\"background-color:#142233\"><\/span><img loading=\"lazy\" decoding=\"async\" width=\"2400\" height=\"1195\" class=\"wp-block-cover__image-background wp-image-1437\" alt=\"\" src=\"https:\/\/bluepalmbacalar.com\/wp-content\/uploads\/2021\/01\/image-11.jpg\" style=\"object-position:52% 82%\" data-object-fit=\"cover\" data-object-position=\"52% 82%\" srcset=\"https:\/\/bluepalmbacalar.com\/wp-content\/uploads\/2021\/01\/image-11.jpg 2400w, https:\/\/bluepalmbacalar.com\/wp-content\/uploads\/2021\/01\/image-11-300x149.jpg 300w, https:\/\/bluepalmbacalar.com\/wp-content\/uploads\/2021\/01\/image-11-1024x510.jpg 1024w, https:\/\/bluepalmbacalar.com\/wp-content\/uploads\/2021\/01\/image-11-768x382.jpg 768w, https:\/\/bluepalmbacalar.com\/wp-content\/uploads\/2021\/01\/image-11-1536x765.jpg 1536w, https:\/\/bluepalmbacalar.com\/wp-content\/uploads\/2021\/01\/image-11-2048x1020.jpg 2048w\" sizes=\"auto, (max-width: 2400px) 100vw, 2400px\" \/><div class=\"wp-block-cover__inner-container is-layout-flow wp-block-cover-is-layout-flow\">\n<h1 class=\"wp-block-heading has-text-align-center has-white-color has-text-color\">SERVICIOS<\/h1>\n<\/div><\/div>\n\n\n\n<div class=\"inherit-container-width wp-block-group alignfull has-white-background-color has-background is-layout-constrained wp-block-group-is-layout-constrained\"><div class=\"wp-block-group__inner-container\">\n<h1 class=\"wp-block-heading has-text-align-center has-luminous-vivid-orange-color has-text-color\">MASAJES<\/h1>\n\n\n\n<p class=\"has-text-align-center wp-block-paragraph\">Visite nuestra Palapa de Masajes al aire libre del Hotel para disfrutar de masajes relajantes, sesiones de Yoga y Janzu en la piscina. Es f\u00e1cil reservar en l\u00ednea, o siempre puede llamar a la recepci\u00f3n y pedir cualquier servicio. La palapa de masajes al aire libre es privada, con vestuarios y duchas.<\/p>\n\n\n\n<div class=\"wp-block-columns alignwide is-layout-flex wp-container-core-columns-is-layout-7387b849 wp-block-columns-is-layout-flex\">\n<div class=\"wp-block-column is-layout-flow wp-block-column-is-layout-flow\">\n<div class=\"inherit-container-width wp-block-group has-background is-layout-constrained wp-block-group-is-layout-constrained\" style=\"background-color:#deeffa\"><div class=\"wp-block-group__inner-container\">\n<h3 class=\"wp-block-heading has-text-align-center has-vivid-cyan-blue-color has-text-color has-large-font-size\">AROMATERAPIA<\/h3>\n\n\n\n<p class=\"wp-block-paragraph\"><strong>Los masajes de aromaterapia son los mejores para las personas que quieren tener un componente de curaci\u00f3n emocional en su masaje.<\/strong><\/p>\n<\/div><\/div>\n<\/div>\n\n\n\n<div class=\"wp-block-column is-layout-flow wp-block-column-is-layout-flow\">\n<div class=\"inherit-container-width wp-block-group has-background is-layout-constrained wp-block-group-is-layout-constrained\" style=\"background-color:#deeffa\"><div class=\"wp-block-group__inner-container\">\n<h3 class=\"wp-block-heading has-text-align-center has-vivid-cyan-blue-color has-text-color has-large-font-size\">MASAJE DEPORTIVO<\/h3>\n\n\n\n<p class=\"wp-block-paragraph\"><strong>El masaje deportivo es mejor para las personas que tienen dolor y tensi\u00f3n muscular o que simplemente desean relajar el cuerpo y los m\u00fasculos.<\/strong><\/p>\n<\/div><\/div>\n<\/div>\n\n\n\n<div class=\"wp-block-column is-layout-flow wp-block-column-is-layout-flow\">\n<div class=\"inherit-container-width wp-block-group has-background is-layout-constrained wp-block-group-is-layout-constrained\" style=\"background-color:#deeffa\"><div class=\"wp-block-group__inner-container\">\n<h3 class=\"wp-block-heading has-text-align-center has-vivid-cyan-blue-color has-text-color has-large-font-size\">MASAJE CORPORAL<\/h3>\n\n\n\n<p class=\"wp-block-paragraph\"><strong>Puede ayudar a liberar los nudos musculares, y tambi\u00e9n es una buena opci\u00f3n para cuando se quiere relajar completamente durante un masaje.<\/strong><\/p>\n<\/div><\/div>\n<\/div>\n<\/div>\n\n\n\n<div class=\"wp-block-columns alignwide is-layout-flex wp-container-core-columns-is-layout-7387b849 wp-block-columns-is-layout-flex\">\n<div class=\"wp-block-column is-layout-flow wp-block-column-is-layout-flow\"><\/div>\n\n\n\n<div class=\"wp-block-column is-layout-flow wp-block-column-is-layout-flow\"><\/div>\n\n\n\n<div class=\"wp-block-column is-layout-flow wp-block-column-is-layout-flow\"><\/div>\n<\/div>\n<\/div><\/div>\n\n\n\n<div class=\"wp-block-cover alignfull\" style=\"min-height:300px;aspect-ratio:unset;\"><span aria-hidden=\"true\" class=\"wp-block-cover__background has-white-background-color has-background-dim-0 has-background-dim\"><\/span><img loading=\"lazy\" decoding=\"async\" width=\"725\" height=\"483\" class=\"wp-block-cover__image-background wp-image-1550\" alt=\"\" src=\"https:\/\/bluepalmbacalar.com\/wp-content\/uploads\/2021\/01\/6-1.jpg\" style=\"object-position:48% 46%\" data-object-fit=\"cover\" data-object-position=\"48% 46%\" srcset=\"https:\/\/bluepalmbacalar.com\/wp-content\/uploads\/2021\/01\/6-1.jpg 725w, https:\/\/bluepalmbacalar.com\/wp-content\/uploads\/2021\/01\/6-1-300x200.jpg 300w\" sizes=\"auto, (max-width: 725px) 100vw, 725px\" \/><div class=\"wp-block-cover__inner-container is-layout-flow wp-block-cover-is-layout-flow\">\n<div class=\"wp-block-columns is-layout-flex wp-container-core-columns-is-layout-7387b849 wp-block-columns-is-layout-flex\">\n<div class=\"wp-block-column is-vertically-aligned-center is-layout-flow wp-block-column-is-layout-flow\" style=\"flex-basis:100%\">\n<h2 class=\"wp-block-heading has-text-align-center has-white-color has-text-color\">PROGRAME SU CITA AHORA<\/h2>\n\n\n\n<p class=\"has-text-align-center has-white-color has-text-color wp-block-paragraph\">Por favor, reserve con la mayor antelaci\u00f3n posible para agendar la fecha y hora de su cita deseada.<\/p>\n<\/div>\n<\/div>\n<\/div><\/div>\n\n\n\n<div class=\"wp-block-columns is-layout-flex wp-container-core-columns-is-layout-7387b849 wp-block-columns-is-layout-flex\">\n<div class=\"wp-block-column is-layout-flow wp-block-column-is-layout-flow\"><\/div>\n\n\n\n<div class=\"wp-block-column is-layout-flow wp-block-column-is-layout-flow\"><\/div>\n<\/div>\n\n\n\n<h1 class=\"wp-block-heading has-text-align-center has-luminous-vivid-orange-color has-text-color\">ELIJA OTRA<\/h1>\n\n\n\n<p class=\"has-text-align-center wp-block-paragraph\"><strong>Estaremos encantados de organizar para usted cualquier opci\u00f3n de servicio de relajaci\u00f3n que desee. <\/strong><\/p>\n\n\n\n<p class=\"has-text-align-center wp-block-paragraph\"><strong>Reserve una citaa la recepci\u00f3n.<\/strong><\/p>\n\n\n\n<p class=\"wp-block-paragraph\"><\/p>\n\n\n\n<div class=\"wp-block-columns alignwide is-layout-flex wp-container-core-columns-is-layout-7387b849 wp-block-columns-is-layout-flex\">\n<div class=\"wp-block-column is-layout-flow wp-block-column-is-layout-flow\">\n<div class=\"inherit-container-width wp-block-group has-background is-layout-constrained wp-block-group-is-layout-constrained\" style=\"background-color:#deeffa\"><div class=\"wp-block-group__inner-container\">\n<h3 class=\"wp-block-heading has-text-align-center has-vivid-cyan-blue-color has-text-color has-large-font-size\">SESI\u00d3N DE YOGA<\/h3>\n\n\n\n<p class=\"wp-block-paragraph\"><strong>Sesi\u00f3n personalizada con el nivel de habilidad que elijas por instructores de yoga experimentados.<\/strong><\/p>\n<\/div><\/div>\n<\/div>\n\n\n\n<div class=\"wp-block-column is-layout-flow wp-block-column-is-layout-flow\">\n<div class=\"inherit-container-width wp-block-group has-background is-layout-constrained wp-block-group-is-layout-constrained\" style=\"background-color:#deeffa\"><div class=\"wp-block-group__inner-container\">\n<h3 class=\"wp-block-heading has-text-align-center has-vivid-cyan-blue-color has-text-color has-large-font-size\">MANI PEDI<\/h3>\n\n\n\n<p class=\"wp-block-paragraph\"><strong>Podemos reservarle una cita con un t\u00e9cnico de u\u00f1as para que venga a usted para un servicio personalizado.<\/strong> <\/p>\n<\/div><\/div>\n<\/div>\n\n\n\n<div class=\"wp-block-column is-layout-flow wp-block-column-is-layout-flow\">\n<div class=\"inherit-container-width wp-block-group has-background is-layout-constrained wp-block-group-is-layout-constrained\" style=\"background-color:#deeffa\"><div class=\"wp-block-group__inner-container\">\n<h3 class=\"wp-block-heading has-text-align-center has-vivid-cyan-blue-color has-text-color has-large-font-size\">JANZU<\/h3>\n\n\n\n<p class=\"wp-block-paragraph\"><strong>Disponga de un instructor personal para terapia psico corporal acu\u00e1ticas como Janzu.<\/strong><\/p>\n<\/div><\/div>\n<\/div>\n<\/div>\n\n\n\n<div class=\"wp-block-columns is-layout-flex wp-container-core-columns-is-layout-7387b849 wp-block-columns-is-layout-flex\">\n<div class=\"wp-block-column is-layout-flow wp-block-column-is-layout-flow\" style=\"flex-basis:100%\"><\/div>\n<\/div>\n\n\n\n<div class=\"wp-block-columns is-not-stacked-on-mobile is-layout-flex wp-container-core-columns-is-layout-7387b849 wp-block-columns-is-layout-flex\">\n<div class=\"wp-block-column is-layout-flow wp-block-column-is-layout-flow\" style=\"flex-basis:35%\"><\/div>\n\n\n\n<div class=\"wp-block-column is-layout-flow wp-block-column-is-layout-flow\" style=\"flex-basis:30.98%\">\n<figure class=\"wp-block-gallery aligncenter has-nested-images columns-8 wp-block-gallery-1 is-layout-flex wp-block-gallery-is-layout-flex\">\n<figure class=\"wp-block-image aligncenter size-large is-style-default\"><a href=\"https:\/\/www.instagram.com\/bluepalmbacalar\/\" target=\"_blank\" rel=\"noopener\"><img decoding=\"async\" data-id=\"1878\" src=\"https:\/\/misturabacalar.com\/wp-content\/uploads\/2022\/02\/i.png\" alt=\"\" class=\"wp-image-1878\"\/><\/a><\/figure>\n\n\n\n<figure class=\"wp-block-image aligncenter size-large is-style-default\"><a href=\"https:\/\/www.tripadvisor.com\/Hotel_Review-g1202648-d23138232-Reviews-Blue_Palm_Bacalar-Bacalar_Yucatan_Peninsula.html\" target=\"_blank\" rel=\"noopener\"><img decoding=\"async\" data-id=\"1880\" src=\"https:\/\/misturabacalar.com\/wp-content\/uploads\/2022\/02\/t.png\" alt=\"\" class=\"wp-image-1880\"\/><\/a><\/figure>\n\n\n\n<figure class=\"wp-block-image aligncenter size-full is-style-default\"><a href=\"https:\/\/www.youtube.com\/@bluepalm6985https:\/\/www.youtube.com\/@bluepalm6985\" target=\"_blank\" rel=\"noopener\"><img decoding=\"async\" data-id=\"2066\" src=\"https:\/\/misturabacalar.com\/wp-content\/uploads\/2023\/07\/social04.png\" alt=\"\" class=\"wp-image-2066\"\/><\/a><\/figure>\n\n\n\n<figure class=\"wp-block-image aligncenter size-large is-style-default\"><a href=\"https:\/\/www.facebook.com\/BluePalmBacalar\/\" target=\"_blank\" rel=\"noopener\"><img decoding=\"async\" data-id=\"1876\" src=\"https:\/\/misturabacalar.com\/wp-content\/uploads\/2022\/02\/f.png\" alt=\"\" class=\"wp-image-1876\"\/><\/a><\/figure>\n\n\n\n<figure class=\"wp-block-image aligncenter size-full is-style-default\"><a href=\"https:\/\/goo.gl\/maps\/Vo9Za1egCaZXCC6s5\" target=\"_blank\" rel=\"noopener\"><img decoding=\"async\" data-id=\"1877\" src=\"https:\/\/misturabacalar.com\/wp-content\/uploads\/2022\/02\/g.png\" alt=\"\" class=\"wp-image-1877\"\/><\/a><\/figure>\n\n\n\n<figure class=\"wp-block-image aligncenter size-large is-style-default\"><a href=\"https:\/\/wa.me\/529831369507\" target=\"_blank\" rel=\"noopener\"><img decoding=\"async\" data-id=\"1874\" src=\"https:\/\/misturabacalar.com\/wp-content\/uploads\/2022\/02\/w.png\" alt=\"\" class=\"wp-image-1874\"\/><\/a><\/figure>\n<\/figure>\n<\/div>\n\n\n\n<div class=\"wp-block-column is-layout-flow wp-block-column-is-layout-flow\" style=\"flex-basis:35%\"><\/div>\n<\/div>","protected":false},"excerpt":{"rendered":"<p>MASSAGES Visit our Hotel&#8217;s open-air Massage Palapa to enjoy relaxing massages, Yoga sessions and Janzu in the pool. It&#8217;s easy to book online, or you can always call the front desk and ask for any service. The outdoor massage palapa is private, with changing rooms and showers. Aromatherapy Aromatherapy massages are best for people who [&hellip;]<\/p>\n","protected":false},"author":1,"featured_media":0,"parent":0,"menu_order":0,"comment_status":"closed","ping_status":"closed","template":"","meta":{"_crdt_document":"","_uag_custom_page_level_css":"","site-sidebar-layout":"no-sidebar","site-content-layout":"plain-container","ast-site-content-layout":"default","site-content-style":"default","site-sidebar-style":"default","ast-global-header-display":"","ast-banner-title-visibility":"","ast-main-header-display":"","ast-hfb-above-header-display":"","ast-hfb-below-header-display":"","ast-hfb-mobile-header-display":"","site-post-title":"disabled","ast-breadcrumbs-content":"disabled","ast-featured-img":"disabled","footer-sml-layout":"","theme-transparent-header-meta":"enabled","adv-header-id-meta":"","stick-header-meta":"","header-above-stick-meta":"","header-main-stick-meta":"","header-below-stick-meta":"","astra-migrate-meta-layouts":"default","ast-page-background-enabled":"default","ast-page-background-meta":{"desktop":{"background-color":"","background-image":"","background-repeat":"repeat","background-position":"center center","background-size":"auto","background-attachment":"scroll","background-type":"","background-media":"","overlay-type":"","overlay-color":"","overlay-opacity":"","overlay-gradient":""},"tablet":{"background-color":"","background-image":"","background-repeat":"repeat","background-position":"center center","background-size":"auto","background-attachment":"scroll","background-type":"","background-media":"","overlay-type":"","overlay-color":"","overlay-opacity":"","overlay-gradient":""},"mobile":{"background-color":"","background-image":"","background-repeat":"repeat","background-position":"center center","background-size":"auto","background-attachment":"scroll","background-type":"","background-media":"","overlay-type":"","overlay-color":"","overlay-opacity":"","overlay-gradient":""}},"ast-content-background-meta":{"desktop":{"background-color":"var(--ast-global-color-5)","background-image":"","background-repeat":"repeat","background-position":"center center","background-size":"auto","background-attachment":"scroll","background-type":"","background-media":"","overlay-type":"","overlay-color":"","overlay-opacity":"","overlay-gradient":""},"tablet":{"background-color":"var(--ast-global-color-5)","background-image":"","background-repeat":"repeat","background-position":"center center","background-size":"auto","background-attachment":"scroll","background-type":"","background-media":"","overlay-type":"","overlay-color":"","overlay-opacity":"","overlay-gradient":""},"mobile":{"background-color":"var(--ast-global-color-5)","background-image":"","background-repeat":"repeat","background-position":"center center","background-size":"auto","background-attachment":"scroll","background-type":"","background-media":"","overlay-type":"","overlay-color":"","overlay-opacity":"","overlay-gradient":""}},"footnotes":""},"class_list":["post-1354","page","type-page","status-publish","hentry"],"uagb_featured_image_src":{"full":false,"thumbnail":false,"medium":false,"medium_large":false,"large":false,"1536x1536":false,"2048x2048":false,"trp-custom-language-flag":false},"uagb_author_info":{"display_name":"admin","author_link":"https:\/\/bluepalmbacalar.com\/es\/author\/admin\/"},"uagb_comment_info":0,"uagb_excerpt":"MASSAGES Visit our Hotel&#8217;s open-air Massage Palapa to enjoy relaxing massages, Yoga sessions and Janzu in the pool. It&#8217;s easy to book online, or you can always call the front desk and ask for any service. The outdoor massage palapa is private, with changing rooms and showers. Aromatherapy Aromatherapy massages are best for people who&hellip;","_links":{"self":[{"href":"https:\/\/bluepalmbacalar.com\/es\/wp-json\/wp\/v2\/pages\/1354","targetHints":{"allow":["GET"]}}],"collection":[{"href":"https:\/\/bluepalmbacalar.com\/es\/wp-json\/wp\/v2\/pages"}],"about":[{"href":"https:\/\/bluepalmbacalar.com\/es\/wp-json\/wp\/v2\/types\/page"}],"author":[{"embeddable":true,"href":"https:\/\/bluepalmbacalar.com\/es\/wp-json\/wp\/v2\/users\/1"}],"replies":[{"embeddable":true,"href":"https:\/\/bluepalmbacalar.com\/es\/wp-json\/wp\/v2\/comments?post=1354"}],"version-history":[{"count":43,"href":"https:\/\/bluepalmbacalar.com\/es\/wp-json\/wp\/v2\/pages\/1354\/revisions"}],"predecessor-version":[{"id":2041,"href":"https:\/\/bluepalmbacalar.com\/es\/wp-json\/wp\/v2\/pages\/1354\/revisions\/2041"}],"wp:attachment":[{"href":"https:\/\/bluepalmbacalar.com\/es\/wp-json\/wp\/v2\/media?parent=1354"}],"curies":[{"name":"wp","href":"https:\/\/api.w.org\/{rel}","templated":true}]}}