{"id":1348,"date":"2021-01-18T19:37:06","date_gmt":"2021-01-18T19:37:06","guid":{"rendered":"https:\/\/bluepalmbacalar.com\/?page_id=1348"},"modified":"2025-10-01T14:25:19","modified_gmt":"2025-10-01T20:25:19","slug":"activities","status":"publish","type":"page","link":"https:\/\/bluepalmbacalar.com\/es\/activities\/","title":{"rendered":"Activities"},"content":{"rendered":"<div class=\"wp-block-cover is-light alignfull\" style=\"min-height:700px;aspect-ratio:unset;\"><video class=\"wp-block-cover__video-background intrinsic-ignore\" autoplay muted loop playsinline src=\"https:\/\/bluepalmbacalar.com\/wp-content\/uploads\/2021\/02\/bacalar.mp4\" data-object-fit=\"cover\"><\/video><span aria-hidden=\"true\" class=\"wp-block-cover__background has-background-dim-0 has-background-dim\" style=\"background-color:#011627\"><\/span><div class=\"wp-block-cover__inner-container is-layout-flow wp-block-cover-is-layout-flow\">\n<h1 class=\"wp-block-heading has-text-align-center has-white-color has-text-color\">ACTIVIDADES<\/h1>\n<\/div><\/div>\n\n\n\n<div class=\"wp-block-columns is-layout-flex wp-container-core-columns-is-layout-7387b849 wp-block-columns-is-layout-flex\">\n<div class=\"wp-block-column is-layout-flow wp-block-column-is-layout-flow\" style=\"flex-basis:100%\">\n<div class=\"inherit-container-width wp-block-group is-layout-constrained wp-block-group-is-layout-constrained\"><div class=\"wp-block-group__inner-container\">\n<div class=\"wp-block-columns is-layout-flex wp-container-core-columns-is-layout-7387b849 wp-block-columns-is-layout-flex\">\n<div class=\"wp-block-column is-layout-flow wp-block-column-is-layout-flow\" style=\"flex-basis:100%\">\n<div class=\"inherit-container-width wp-block-group is-layout-constrained wp-block-group-is-layout-constrained\"><div class=\"wp-block-group__inner-container\">\n<h3 class=\"wp-block-heading has-text-align-center has-luminous-vivid-orange-color has-text-color\">MUCHAS COSAS QUE VER Y HACER EN BACALAR<\/h3>\n\n\n\n<p class=\"has-text-align-center wp-block-paragraph\">Paseos en velero y en pont\u00f3n, visitas a los cenotes, deportes acu\u00e1ticos como Kayak o Paddleboard. Paseo en bicicleta, Tirolesa y Observaci\u00f3n de aves en medio de la naturaleza. Excursiones de un d\u00eda al Caribe, visita a las Ruinas Mayas cercanas o a las Ruinas de Belice y Guatemala.<\/p>\n\n\n\n<p class=\"has-text-align-center has-normal-font-size wp-block-paragraph\"><strong>ESTAREMOS ENCANTADOS DE PROPORCIONARLE INFORMACION PARA EXCURSIONES, POR FAVOR, P\u00d3NGASE EN CONTACTO CON NUESTRO PERSONAL DE RECEPCI\u00d3N.<\/strong><\/p>\n\n\n\n<div class=\"wp-block-buttons is-content-justification-center is-layout-flex wp-container-core-buttons-is-layout-3e41869c wp-block-buttons-is-layout-flex\">\n<div class=\"wp-block-button\"><a class=\"wp-block-button__link has-vivid-cyan-blue-background-color has-background wp-element-button\" href=\"https:\/\/bluepalmbacalar.com\/wp-content\/uploads\/2025\/10\/GUIA-DE-ACTIVIDADES-ESPANOL.pdf\" style=\"border-radius:20px\">Descarga nuestra gu\u00eda de actividades<\/a><\/div>\n<\/div>\n<\/div><\/div>\n<\/div>\n<\/div>\n<\/div><\/div>\n<\/div>\n<\/div>\n\n\n\n<div class=\"wp-block-columns is-layout-flex wp-container-core-columns-is-layout-7387b849 wp-block-columns-is-layout-flex\">\n<div class=\"wp-block-column is-layout-flow wp-block-column-is-layout-flow\" style=\"flex-basis:100%\">\n<div class=\"inherit-container-width wp-block-group alignfull has-white-background-color has-background is-layout-constrained wp-block-group-is-layout-constrained\"><div class=\"wp-block-group__inner-container\">\n<h3 class=\"wp-block-heading has-text-align-center has-luminous-vivid-orange-color has-text-color\">TOUR LA LAGUNA<\/h3>\n\n\n\n<figure class=\"wp-block-gallery has-nested-images columns-4 is-cropped wp-block-gallery-1 is-layout-flex wp-block-gallery-is-layout-flex\">\n<figure class=\"wp-block-image size-full\"><img loading=\"lazy\" decoding=\"async\" width=\"640\" height=\"640\" data-id=\"1546\" src=\"https:\/\/bluepalmbacalar.com\/wp-content\/uploads\/2021\/01\/82424-1.jpg\" alt=\"\" class=\"wp-image-1546\" srcset=\"https:\/\/bluepalmbacalar.com\/wp-content\/uploads\/2021\/01\/82424-1.jpg 640w, https:\/\/bluepalmbacalar.com\/wp-content\/uploads\/2021\/01\/82424-1-300x300.jpg 300w, https:\/\/bluepalmbacalar.com\/wp-content\/uploads\/2021\/01\/82424-1-150x150.jpg 150w\" sizes=\"auto, (max-width: 640px) 100vw, 640px\" \/><\/figure>\n\n\n\n<figure class=\"wp-block-image size-full\"><img loading=\"lazy\" decoding=\"async\" width=\"600\" height=\"400\" data-id=\"1549\" src=\"https:\/\/bluepalmbacalar.com\/wp-content\/uploads\/2021\/01\/976.jpg\" alt=\"\" class=\"wp-image-1549\" srcset=\"https:\/\/bluepalmbacalar.com\/wp-content\/uploads\/2021\/01\/976.jpg 600w, https:\/\/bluepalmbacalar.com\/wp-content\/uploads\/2021\/01\/976-300x200.jpg 300w\" sizes=\"auto, (max-width: 600px) 100vw, 600px\" \/><\/figure>\n\n\n\n<figure class=\"wp-block-image size-full\"><img loading=\"lazy\" decoding=\"async\" width=\"600\" height=\"463\" data-id=\"1548\" src=\"https:\/\/bluepalmbacalar.com\/wp-content\/uploads\/2021\/01\/672.jpg\" alt=\"\" class=\"wp-image-1548\" srcset=\"https:\/\/bluepalmbacalar.com\/wp-content\/uploads\/2021\/01\/672.jpg 600w, https:\/\/bluepalmbacalar.com\/wp-content\/uploads\/2021\/01\/672-300x232.jpg 300w\" sizes=\"auto, (max-width: 600px) 100vw, 600px\" \/><\/figure>\n\n\n\n<figure class=\"wp-block-image size-full\"><img loading=\"lazy\" decoding=\"async\" width=\"675\" height=\"675\" data-id=\"1958\" src=\"https:\/\/bluepalmbacalar.com\/wp-content\/uploads\/2022\/09\/1949.jpg\" alt=\"\" class=\"wp-image-1958\" srcset=\"https:\/\/bluepalmbacalar.com\/wp-content\/uploads\/2022\/09\/1949.jpg 675w, https:\/\/bluepalmbacalar.com\/wp-content\/uploads\/2022\/09\/1949-300x300.jpg 300w, https:\/\/bluepalmbacalar.com\/wp-content\/uploads\/2022\/09\/1949-150x150.jpg 150w, https:\/\/bluepalmbacalar.com\/wp-content\/uploads\/2022\/09\/1949-12x12.jpg 12w\" sizes=\"auto, (max-width: 675px) 100vw, 675px\" \/><\/figure>\n<\/figure>\n\n\n\n<p class=\"has-text-align-center wp-block-paragraph\">Paseos en velero y en pont\u00f3n, visitas a los cenotes, deportes acu\u00e1ticos como Kayak o Paddleboard.<\/p>\n\n\n\n<div class=\"inherit-container-width wp-block-group alignfull has-background is-layout-constrained wp-block-group-is-layout-constrained\" style=\"background-color:#f7f7f7\"><div class=\"wp-block-group__inner-container\">\n<h3 class=\"wp-block-heading has-text-align-center has-luminous-vivid-orange-color has-text-color\">ACTIVIDADES DE EJERCICIO<\/h3>\n\n\n\n<figure class=\"wp-block-gallery has-nested-images columns-4 is-cropped wp-block-gallery-2 is-layout-flex wp-block-gallery-is-layout-flex\">\n<figure class=\"wp-block-image size-full\"><img loading=\"lazy\" decoding=\"async\" width=\"500\" height=\"346\" data-id=\"1545\" src=\"https:\/\/bluepalmbacalar.com\/wp-content\/uploads\/2021\/01\/500.jpg\" alt=\"\" class=\"wp-image-1545\" srcset=\"https:\/\/bluepalmbacalar.com\/wp-content\/uploads\/2021\/01\/500.jpg 500w, https:\/\/bluepalmbacalar.com\/wp-content\/uploads\/2021\/01\/500-300x208.jpg 300w\" sizes=\"auto, (max-width: 500px) 100vw, 500px\" \/><\/figure>\n\n\n\n<figure class=\"wp-block-image size-full\"><img loading=\"lazy\" decoding=\"async\" width=\"640\" height=\"640\" data-id=\"1956\" src=\"https:\/\/bluepalmbacalar.com\/wp-content\/uploads\/2022\/09\/1280.jpg\" alt=\"\" class=\"wp-image-1956\" srcset=\"https:\/\/bluepalmbacalar.com\/wp-content\/uploads\/2022\/09\/1280.jpg 640w, https:\/\/bluepalmbacalar.com\/wp-content\/uploads\/2022\/09\/1280-300x300.jpg 300w, https:\/\/bluepalmbacalar.com\/wp-content\/uploads\/2022\/09\/1280-150x150.jpg 150w, https:\/\/bluepalmbacalar.com\/wp-content\/uploads\/2022\/09\/1280-12x12.jpg 12w\" sizes=\"auto, (max-width: 640px) 100vw, 640px\" \/><\/figure>\n\n\n\n<figure class=\"wp-block-image size-full\"><img loading=\"lazy\" decoding=\"async\" width=\"640\" height=\"640\" data-id=\"1547\" src=\"https:\/\/bluepalmbacalar.com\/wp-content\/uploads\/2021\/01\/47.jpg\" alt=\"\" class=\"wp-image-1547\" srcset=\"https:\/\/bluepalmbacalar.com\/wp-content\/uploads\/2021\/01\/47.jpg 640w, https:\/\/bluepalmbacalar.com\/wp-content\/uploads\/2021\/01\/47-300x300.jpg 300w, https:\/\/bluepalmbacalar.com\/wp-content\/uploads\/2021\/01\/47-150x150.jpg 150w\" sizes=\"auto, (max-width: 640px) 100vw, 640px\" \/><\/figure>\n\n\n\n<figure class=\"wp-block-image size-full\"><img loading=\"lazy\" decoding=\"async\" width=\"600\" height=\"458\" data-id=\"1960\" src=\"https:\/\/bluepalmbacalar.com\/wp-content\/uploads\/2022\/09\/288.jpg\" alt=\"\" class=\"wp-image-1960\" srcset=\"https:\/\/bluepalmbacalar.com\/wp-content\/uploads\/2022\/09\/288.jpg 600w, https:\/\/bluepalmbacalar.com\/wp-content\/uploads\/2022\/09\/288-300x229.jpg 300w, https:\/\/bluepalmbacalar.com\/wp-content\/uploads\/2022\/09\/288-16x12.jpg 16w\" sizes=\"auto, (max-width: 600px) 100vw, 600px\" \/><\/figure>\n<\/figure>\n\n\n\n<p class=\"has-text-align-center wp-block-paragraph\">Paseo en bicicleta, Tirolesa y Observaci\u00f3n de aves en medio de la naturaleza.<\/p>\n<\/div><\/div>\n\n\n\n<div class=\"inherit-container-width wp-block-group alignfull has-white-background-color has-background is-layout-constrained wp-block-group-is-layout-constrained\"><div class=\"wp-block-group__inner-container\">\n<h3 class=\"wp-block-heading has-text-align-center has-luminous-vivid-orange-color has-text-color\">EXCURSIONES<\/h3>\n\n\n\n<figure class=\"wp-block-gallery has-nested-images columns-4 is-cropped wp-block-gallery-3 is-layout-flex wp-block-gallery-is-layout-flex\">\n<figure class=\"wp-block-image size-full\"><img loading=\"lazy\" decoding=\"async\" width=\"600\" height=\"488\" data-id=\"1959\" src=\"https:\/\/bluepalmbacalar.com\/wp-content\/uploads\/2022\/09\/4563.jpg\" alt=\"\" class=\"wp-image-1959\" srcset=\"https:\/\/bluepalmbacalar.com\/wp-content\/uploads\/2022\/09\/4563.jpg 600w, https:\/\/bluepalmbacalar.com\/wp-content\/uploads\/2022\/09\/4563-300x244.jpg 300w, https:\/\/bluepalmbacalar.com\/wp-content\/uploads\/2022\/09\/4563-15x12.jpg 15w\" sizes=\"auto, (max-width: 600px) 100vw, 600px\" \/><\/figure>\n\n\n\n<figure class=\"wp-block-image size-full\"><img loading=\"lazy\" decoding=\"async\" width=\"640\" height=\"427\" data-id=\"1962\" src=\"https:\/\/bluepalmbacalar.com\/wp-content\/uploads\/2022\/09\/5836.jpg\" alt=\"\" class=\"wp-image-1962\" srcset=\"https:\/\/bluepalmbacalar.com\/wp-content\/uploads\/2022\/09\/5836.jpg 640w, https:\/\/bluepalmbacalar.com\/wp-content\/uploads\/2022\/09\/5836-300x200.jpg 300w, https:\/\/bluepalmbacalar.com\/wp-content\/uploads\/2022\/09\/5836-18x12.jpg 18w\" sizes=\"auto, (max-width: 640px) 100vw, 640px\" \/><\/figure>\n\n\n\n<figure class=\"wp-block-image size-full\"><img loading=\"lazy\" decoding=\"async\" width=\"600\" height=\"657\" data-id=\"1964\" src=\"https:\/\/bluepalmbacalar.com\/wp-content\/uploads\/2022\/09\/778.jpg\" alt=\"\" class=\"wp-image-1964\" srcset=\"https:\/\/bluepalmbacalar.com\/wp-content\/uploads\/2022\/09\/778.jpg 600w, https:\/\/bluepalmbacalar.com\/wp-content\/uploads\/2022\/09\/778-274x300.jpg 274w, https:\/\/bluepalmbacalar.com\/wp-content\/uploads\/2022\/09\/778-11x12.jpg 11w\" sizes=\"auto, (max-width: 600px) 100vw, 600px\" \/><\/figure>\n\n\n\n<figure class=\"wp-block-image size-full\"><img loading=\"lazy\" decoding=\"async\" width=\"600\" height=\"400\" data-id=\"1963\" src=\"https:\/\/bluepalmbacalar.com\/wp-content\/uploads\/2022\/09\/7891.jpg\" alt=\"\" class=\"wp-image-1963\" srcset=\"https:\/\/bluepalmbacalar.com\/wp-content\/uploads\/2022\/09\/7891.jpg 600w, https:\/\/bluepalmbacalar.com\/wp-content\/uploads\/2022\/09\/7891-300x200.jpg 300w, https:\/\/bluepalmbacalar.com\/wp-content\/uploads\/2022\/09\/7891-18x12.jpg 18w\" sizes=\"auto, (max-width: 600px) 100vw, 600px\" \/><\/figure>\n<\/figure>\n\n\n\n<p class=\"has-text-align-center wp-block-paragraph\">Excursiones de un d\u00eda al Caribe, visita a las Ruinas Mayas Chacchoben o a las Ruinas de Belice y Guatemala Tikal.<\/p>\n<\/div><\/div>\n\n\n\n<div class=\"inherit-container-width wp-block-group alignfull has-background is-layout-constrained wp-block-group-is-layout-constrained\" style=\"background-color:#f7f7f7\"><div class=\"wp-block-group__inner-container\">\n<h3 class=\"wp-block-heading has-text-align-center has-luminous-vivid-orange-color has-text-color\">DISFRUTA DE LA NATURALEZA QUE NOS RODEA<\/h3>\n\n\n\n<figure class=\"wp-block-gallery has-nested-images columns-4 is-cropped wp-block-gallery-4 is-layout-flex wp-block-gallery-is-layout-flex\">\n<figure class=\"wp-block-image size-full\"><img loading=\"lazy\" decoding=\"async\" width=\"640\" height=\"640\" data-id=\"1952\" src=\"https:\/\/bluepalmbacalar.com\/wp-content\/uploads\/2022\/09\/379.jpg\" alt=\"\" class=\"wp-image-1952\" srcset=\"https:\/\/bluepalmbacalar.com\/wp-content\/uploads\/2022\/09\/379.jpg 640w, https:\/\/bluepalmbacalar.com\/wp-content\/uploads\/2022\/09\/379-300x300.jpg 300w, https:\/\/bluepalmbacalar.com\/wp-content\/uploads\/2022\/09\/379-150x150.jpg 150w, https:\/\/bluepalmbacalar.com\/wp-content\/uploads\/2022\/09\/379-12x12.jpg 12w\" sizes=\"auto, (max-width: 640px) 100vw, 640px\" \/><\/figure>\n\n\n\n<figure class=\"wp-block-image size-full\"><img loading=\"lazy\" decoding=\"async\" width=\"600\" height=\"480\" data-id=\"1953\" src=\"https:\/\/bluepalmbacalar.com\/wp-content\/uploads\/2022\/09\/519.jpg\" alt=\"\" class=\"wp-image-1953\" srcset=\"https:\/\/bluepalmbacalar.com\/wp-content\/uploads\/2022\/09\/519.jpg 600w, https:\/\/bluepalmbacalar.com\/wp-content\/uploads\/2022\/09\/519-300x240.jpg 300w, https:\/\/bluepalmbacalar.com\/wp-content\/uploads\/2022\/09\/519-15x12.jpg 15w\" sizes=\"auto, (max-width: 600px) 100vw, 600px\" \/><\/figure>\n\n\n\n<figure class=\"wp-block-image size-full\"><img loading=\"lazy\" decoding=\"async\" width=\"600\" height=\"600\" data-id=\"1954\" src=\"https:\/\/bluepalmbacalar.com\/wp-content\/uploads\/2022\/09\/713_.jpg\" alt=\"\" class=\"wp-image-1954\" srcset=\"https:\/\/bluepalmbacalar.com\/wp-content\/uploads\/2022\/09\/713_.jpg 600w, https:\/\/bluepalmbacalar.com\/wp-content\/uploads\/2022\/09\/713_-300x300.jpg 300w, https:\/\/bluepalmbacalar.com\/wp-content\/uploads\/2022\/09\/713_-150x150.jpg 150w, https:\/\/bluepalmbacalar.com\/wp-content\/uploads\/2022\/09\/713_-12x12.jpg 12w\" sizes=\"auto, (max-width: 600px) 100vw, 600px\" \/><\/figure>\n\n\n\n<figure class=\"wp-block-image size-full\"><img loading=\"lazy\" decoding=\"async\" width=\"640\" height=\"640\" data-id=\"1955\" src=\"https:\/\/bluepalmbacalar.com\/wp-content\/uploads\/2022\/09\/42OK.jpg\" alt=\"\" class=\"wp-image-1955\" srcset=\"https:\/\/bluepalmbacalar.com\/wp-content\/uploads\/2022\/09\/42OK.jpg 640w, https:\/\/bluepalmbacalar.com\/wp-content\/uploads\/2022\/09\/42OK-300x300.jpg 300w, https:\/\/bluepalmbacalar.com\/wp-content\/uploads\/2022\/09\/42OK-150x150.jpg 150w, https:\/\/bluepalmbacalar.com\/wp-content\/uploads\/2022\/09\/42OK-12x12.jpg 12w\" sizes=\"auto, (max-width: 640px) 100vw, 640px\" \/><\/figure>\n<\/figure>\n\n\n\n<p class=\"has-text-align-center wp-block-paragraph\">Explore Bacalar, recorra el fuerte, realice una visita guiada a la selva o la observaci\u00f3n de aves.<\/p>\n<\/div><\/div>\n\n\n\n<div class=\"inherit-container-width wp-block-group alignfull has-white-background-color has-background is-layout-constrained wp-block-group-is-layout-constrained\"><div class=\"wp-block-group__inner-container\">\n<h3 class=\"wp-block-heading has-text-align-center has-luminous-vivid-orange-color has-text-color\">RELAJATE EN EL HOTEL<\/h3>\n\n\n\n<figure class=\"wp-block-gallery has-nested-images columns-3 is-cropped wp-block-gallery-5 is-layout-flex wp-block-gallery-is-layout-flex\">\n<figure class=\"wp-block-image size-full\"><img loading=\"lazy\" decoding=\"async\" width=\"600\" height=\"600\" data-id=\"1949\" src=\"https:\/\/bluepalmbacalar.com\/wp-content\/uploads\/2022\/09\/649-1.jpg\" alt=\"\" class=\"wp-image-1949\" srcset=\"https:\/\/bluepalmbacalar.com\/wp-content\/uploads\/2022\/09\/649-1.jpg 600w, https:\/\/bluepalmbacalar.com\/wp-content\/uploads\/2022\/09\/649-1-300x300.jpg 300w, https:\/\/bluepalmbacalar.com\/wp-content\/uploads\/2022\/09\/649-1-150x150.jpg 150w, https:\/\/bluepalmbacalar.com\/wp-content\/uploads\/2022\/09\/649-1-12x12.jpg 12w\" sizes=\"auto, (max-width: 600px) 100vw, 600px\" \/><\/figure>\n\n\n\n<figure class=\"wp-block-image size-full\"><img loading=\"lazy\" decoding=\"async\" width=\"600\" height=\"400\" data-id=\"1948\" src=\"https:\/\/bluepalmbacalar.com\/wp-content\/uploads\/2022\/09\/party.jpg\" alt=\"\" class=\"wp-image-1948\" srcset=\"https:\/\/bluepalmbacalar.com\/wp-content\/uploads\/2022\/09\/party.jpg 600w, https:\/\/bluepalmbacalar.com\/wp-content\/uploads\/2022\/09\/party-300x200.jpg 300w, https:\/\/bluepalmbacalar.com\/wp-content\/uploads\/2022\/09\/party-18x12.jpg 18w\" sizes=\"auto, (max-width: 600px) 100vw, 600px\" \/><\/figure>\n\n\n\n<figure class=\"wp-block-image size-full\"><img loading=\"lazy\" decoding=\"async\" width=\"600\" height=\"400\" data-id=\"1951\" src=\"https:\/\/bluepalmbacalar.com\/wp-content\/uploads\/2022\/09\/965.jpg\" alt=\"\" class=\"wp-image-1951\" srcset=\"https:\/\/bluepalmbacalar.com\/wp-content\/uploads\/2022\/09\/965.jpg 600w, https:\/\/bluepalmbacalar.com\/wp-content\/uploads\/2022\/09\/965-300x200.jpg 300w, https:\/\/bluepalmbacalar.com\/wp-content\/uploads\/2022\/09\/965-18x12.jpg 18w\" sizes=\"auto, (max-width: 600px) 100vw, 600px\" \/><\/figure>\n<\/figure>\n\n\n\n<p class=\"has-text-align-center wp-block-paragraph\">Disponemos de camastros para tomar el sol y disfrutar de nuestra piscina, pruebe un refrescante c\u00f3ctel tropical de nuestro bar o tome una siesta en las hamacas sombreadas que cuelgan sobre la piscina<\/p>\n<\/div><\/div>\n<\/div><\/div>\n<\/div>\n<\/div>\n\n\n\n<div class=\"wp-block-columns is-not-stacked-on-mobile is-layout-flex wp-container-core-columns-is-layout-7387b849 wp-block-columns-is-layout-flex\">\n<div class=\"wp-block-column is-layout-flow wp-block-column-is-layout-flow\" style=\"flex-basis:35%\"><\/div>\n\n\n\n<div class=\"wp-block-column is-layout-flow wp-block-column-is-layout-flow\" style=\"flex-basis:30.98%\">\n<figure class=\"wp-block-gallery aligncenter has-nested-images columns-8 wp-block-gallery-6 is-layout-flex wp-block-gallery-is-layout-flex\">\n<figure class=\"wp-block-image aligncenter size-large is-style-default\"><a href=\"https:\/\/www.instagram.com\/bluepalmbacalar\/\" target=\"_blank\" rel=\"noopener\"><img decoding=\"async\" data-id=\"1878\" src=\"https:\/\/misturabacalar.com\/wp-content\/uploads\/2022\/02\/i.png\" alt=\"\" class=\"wp-image-1878\"\/><\/a><\/figure>\n\n\n\n<figure class=\"wp-block-image aligncenter size-large is-style-default\"><a href=\"https:\/\/www.tripadvisor.com\/Hotel_Review-g1202648-d23138232-Reviews-Blue_Palm_Bacalar-Bacalar_Yucatan_Peninsula.html\" target=\"_blank\" rel=\"noopener\"><img decoding=\"async\" data-id=\"1880\" src=\"https:\/\/misturabacalar.com\/wp-content\/uploads\/2022\/02\/t.png\" alt=\"\" class=\"wp-image-1880\"\/><\/a><\/figure>\n\n\n\n<figure class=\"wp-block-image aligncenter size-full is-style-default\"><a href=\"https:\/\/www.youtube.com\/@bluepalm6985https:\/\/www.youtube.com\/@bluepalm6985\" target=\"_blank\" rel=\"noopener\"><img decoding=\"async\" data-id=\"2066\" src=\"https:\/\/misturabacalar.com\/wp-content\/uploads\/2023\/07\/social04.png\" alt=\"\" class=\"wp-image-2066\"\/><\/a><\/figure>\n\n\n\n<figure class=\"wp-block-image aligncenter size-large is-style-default\"><a href=\"https:\/\/www.facebook.com\/BluePalmBacalar\/\" target=\"_blank\" rel=\"noopener\"><img decoding=\"async\" data-id=\"1876\" src=\"https:\/\/misturabacalar.com\/wp-content\/uploads\/2022\/02\/f.png\" alt=\"\" class=\"wp-image-1876\"\/><\/a><\/figure>\n\n\n\n<figure class=\"wp-block-image aligncenter size-full is-style-default\"><a href=\"https:\/\/goo.gl\/maps\/Vo9Za1egCaZXCC6s5\" target=\"_blank\" rel=\"noopener\"><img decoding=\"async\" data-id=\"1877\" src=\"https:\/\/misturabacalar.com\/wp-content\/uploads\/2022\/02\/g.png\" alt=\"\" class=\"wp-image-1877\"\/><\/a><\/figure>\n\n\n\n<figure class=\"wp-block-image aligncenter size-large is-style-default\"><a href=\"https:\/\/wa.me\/529831369507\" target=\"_blank\" rel=\"noopener\"><img decoding=\"async\" data-id=\"1874\" src=\"https:\/\/misturabacalar.com\/wp-content\/uploads\/2022\/02\/w.png\" alt=\"\" class=\"wp-image-1874\"\/><\/a><\/figure>\n<\/figure>\n<\/div>\n\n\n\n<div class=\"wp-block-column is-layout-flow wp-block-column-is-layout-flow\" style=\"flex-basis:35%\"><\/div>\n<\/div>","protected":false},"excerpt":{"rendered":"<p>MANY THINGS TO SEE AND DO IN BACALAR Sailing and pontoon rides, visits to cenotes, water sports such as Kayak or Paddleboard. Bike ride, zip line and bird watching in the middle of nature. Day trips to the Caribbean, visit the nearby Mayan Ruins or the Ruins of Belize and Guatemala. WE WILL BE HAPPY [&hellip;]<\/p>\n","protected":false},"author":1,"featured_media":0,"parent":0,"menu_order":0,"comment_status":"closed","ping_status":"closed","template":"","meta":{"_crdt_document":"","_uag_custom_page_level_css":"","site-sidebar-layout":"no-sidebar","site-content-layout":"plain-container","ast-site-content-layout":"normal-width-container","site-content-style":"unboxed","site-sidebar-style":"default","ast-global-header-display":"","ast-banner-title-visibility":"","ast-main-header-display":"","ast-hfb-above-header-display":"","ast-hfb-below-header-display":"","ast-hfb-mobile-header-display":"","site-post-title":"disabled","ast-breadcrumbs-content":"disabled","ast-featured-img":"disabled","footer-sml-layout":"","theme-transparent-header-meta":"enabled","adv-header-id-meta":"","stick-header-meta":"","header-above-stick-meta":"","header-main-stick-meta":"","header-below-stick-meta":"","astra-migrate-meta-layouts":"set","ast-page-background-enabled":"default","ast-page-background-meta":{"desktop":{"background-color":"","background-image":"","background-repeat":"repeat","background-position":"center center","background-size":"auto","background-attachment":"scroll","background-type":"","background-media":"","overlay-type":"","overlay-color":"","overlay-opacity":"","overlay-gradient":""},"tablet":{"background-color":"","background-image":"","background-repeat":"repeat","background-position":"center center","background-size":"auto","background-attachment":"scroll","background-type":"","background-media":"","overlay-type":"","overlay-color":"","overlay-opacity":"","overlay-gradient":""},"mobile":{"background-color":"","background-image":"","background-repeat":"repeat","background-position":"center center","background-size":"auto","background-attachment":"scroll","background-type":"","background-media":"","overlay-type":"","overlay-color":"","overlay-opacity":"","overlay-gradient":""}},"ast-content-background-meta":{"desktop":{"background-color":"var(--ast-global-color-5)","background-image":"","background-repeat":"repeat","background-position":"center center","background-size":"auto","background-attachment":"scroll","background-type":"","background-media":"","overlay-type":"","overlay-color":"","overlay-opacity":"","overlay-gradient":""},"tablet":{"background-color":"var(--ast-global-color-5)","background-image":"","background-repeat":"repeat","background-position":"center center","background-size":"auto","background-attachment":"scroll","background-type":"","background-media":"","overlay-type":"","overlay-color":"","overlay-opacity":"","overlay-gradient":""},"mobile":{"background-color":"var(--ast-global-color-5)","background-image":"","background-repeat":"repeat","background-position":"center center","background-size":"auto","background-attachment":"scroll","background-type":"","background-media":"","overlay-type":"","overlay-color":"","overlay-opacity":"","overlay-gradient":""}},"footnotes":""},"class_list":["post-1348","page","type-page","status-publish","hentry"],"uagb_featured_image_src":{"full":false,"thumbnail":false,"medium":false,"medium_large":false,"large":false,"1536x1536":false,"2048x2048":false,"trp-custom-language-flag":false},"uagb_author_info":{"display_name":"admin","author_link":"https:\/\/bluepalmbacalar.com\/es\/author\/admin\/"},"uagb_comment_info":0,"uagb_excerpt":"MANY THINGS TO SEE AND DO IN BACALAR Sailing and pontoon rides, visits to cenotes, water sports such as Kayak or Paddleboard. Bike ride, zip line and bird watching in the middle of nature. Day trips to the Caribbean, visit the nearby Mayan Ruins or the Ruins of Belize and Guatemala. WE WILL BE HAPPY&hellip;","_links":{"self":[{"href":"https:\/\/bluepalmbacalar.com\/es\/wp-json\/wp\/v2\/pages\/1348","targetHints":{"allow":["GET"]}}],"collection":[{"href":"https:\/\/bluepalmbacalar.com\/es\/wp-json\/wp\/v2\/pages"}],"about":[{"href":"https:\/\/bluepalmbacalar.com\/es\/wp-json\/wp\/v2\/types\/page"}],"author":[{"embeddable":true,"href":"https:\/\/bluepalmbacalar.com\/es\/wp-json\/wp\/v2\/users\/1"}],"replies":[{"embeddable":true,"href":"https:\/\/bluepalmbacalar.com\/es\/wp-json\/wp\/v2\/comments?post=1348"}],"version-history":[{"count":51,"href":"https:\/\/bluepalmbacalar.com\/es\/wp-json\/wp\/v2\/pages\/1348\/revisions"}],"predecessor-version":[{"id":2103,"href":"https:\/\/bluepalmbacalar.com\/es\/wp-json\/wp\/v2\/pages\/1348\/revisions\/2103"}],"wp:attachment":[{"href":"https:\/\/bluepalmbacalar.com\/es\/wp-json\/wp\/v2\/media?parent=1348"}],"curies":[{"name":"wp","href":"https:\/\/api.w.org\/{rel}","templated":true}]}}